{"id":1981,"date":"2026-03-15T11:09:15","date_gmt":"2026-03-15T10:09:15","guid":{"rendered":"https:\/\/nestormwine.com\/contact-after-sales\/"},"modified":"2026-04-13T16:40:45","modified_gmt":"2026-04-13T14:40:45","slug":"contact-after-sales","status":"publish","type":"page","link":"https:\/\/nestormwine.com\/en\/contact-after-sales\/","title":{"rendered":"Contact &amp; After-Sales"},"content":{"rendered":"\t\t<div data-elementor-type=\"wp-page\" data-elementor-id=\"1981\" class=\"elementor elementor-1981 elementor-303\" wpc-filter-elementor-widget=\"1\" data-elementor-post-type=\"page\">\n\t\t\t\t<div class=\"elementor-element elementor-element-ec19127 e-con-full e-flex e-con e-parent\" data-id=\"ec19127\" data-element_type=\"container\" data-e-type=\"container\" data-settings=\"{&quot;background_background&quot;:&quot;gradient&quot;}\">\n\t\t<div class=\"elementor-element elementor-element-c8b99d6 e-con-full e-flex e-con e-child\" data-id=\"c8b99d6\" data-element_type=\"container\" data-e-type=\"container\" data-settings=\"{&quot;background_background&quot;:&quot;classic&quot;}\">\n\t\t<div class=\"elementor-element elementor-element-a418579 e-con-full e-flex e-con e-child\" data-id=\"a418579\" data-element_type=\"container\" data-e-type=\"container\">\n\t\t<div class=\"elementor-element elementor-element-a0af6e6 e-con-full e-flex e-con e-child\" data-id=\"a0af6e6\" data-element_type=\"container\" data-e-type=\"container\">\n\t\t\t\t<div class=\"elementor-element elementor-element-6ab18fa elementor-widget elementor-widget-heading\" data-id=\"6ab18fa\" data-element_type=\"widget\" data-e-type=\"widget\" data-widget_type=\"heading.default\">\n\t\t\t\t\t<h1 class=\"elementor-heading-title elementor-size-default\">Contact<br>&amp; After-Sales<\/h1>\t\t\t\t<\/div>\n\t\t\t\t<div class=\"elementor-element elementor-element-a28629b elementor-widget elementor-widget-spacer\" data-id=\"a28629b\" data-element_type=\"widget\" data-e-type=\"widget\" data-widget_type=\"spacer.default\">\n\t\t\t\t\t\t\t<div class=\"elementor-spacer\">\n\t\t\t<div class=\"elementor-spacer-inner\"><\/div>\n\t\t<\/div>\n\t\t\t\t\t\t<\/div>\n\t\t\t\t<div class=\"elementor-element elementor-element-a5aaada elementor-widget elementor-widget-text-editor\" data-id=\"a5aaada\" data-element_type=\"widget\" data-e-type=\"widget\" data-widget_type=\"text-editor.default\">\n\t\t\t\t\t\t\t\t\t<p>Our team answers quickly to all your questions: <br>purchasing advice, installation, after-sales or warranty.<\/p>\t\t\t\t\t\t\t\t<\/div>\n\t\t\t\t<div class=\"elementor-element elementor-element-c927ea8 elementor-widget elementor-widget-spacer\" data-id=\"c927ea8\" data-element_type=\"widget\" data-e-type=\"widget\" data-widget_type=\"spacer.default\">\n\t\t\t\t\t\t\t<div class=\"elementor-spacer\">\n\t\t\t<div class=\"elementor-spacer-inner\"><\/div>\n\t\t<\/div>\n\t\t\t\t\t\t<\/div>\n\t\t\t\t<div class=\"elementor-element elementor-element-d8ec0ff elementor-widget__width-initial elementor-widget elementor-widget-text-editor\" data-id=\"d8ec0ff\" data-element_type=\"widget\" data-e-type=\"widget\" data-widget_type=\"text-editor.default\">\n\t\t\t\t\t\t\t\t\t<p><strong>Nestor M <\/strong>and <strong>Nestor M Wine<\/strong> are registered trademarks of <strong>GLOBAL APPLIUS SAS<\/strong><\/p>\t\t\t\t\t\t\t\t<\/div>\n\t\t\t\t<div class=\"elementor-element elementor-element-a81e708 elementor-widget-divider--view-line elementor-widget elementor-widget-divider\" data-id=\"a81e708\" data-element_type=\"widget\" data-e-type=\"widget\" data-widget_type=\"divider.default\">\n\t\t\t\t\t\t\t<div class=\"elementor-divider\">\n\t\t\t<span class=\"elementor-divider-separator\">\n\t\t\t\t\t\t<\/span>\n\t\t<\/div>\n\t\t\t\t\t\t<\/div>\n\t\t<div class=\"elementor-element elementor-element-b281724 e-con-full e-flex e-con e-child\" data-id=\"b281724\" data-element_type=\"container\" data-e-type=\"container\">\n\t\t<div class=\"elementor-element elementor-element-10db808 e-con-full e-flex e-con e-child\" data-id=\"10db808\" data-element_type=\"container\" data-e-type=\"container\">\n\t\t<div class=\"elementor-element elementor-element-463cc2d e-con-full e-flex e-con e-child\" data-id=\"463cc2d\" data-element_type=\"container\" data-e-type=\"container\">\n\t\t\t\t<div class=\"elementor-element elementor-element-742e394 elementor-widget elementor-widget-heading\" data-id=\"742e394\" data-element_type=\"widget\" data-e-type=\"widget\" data-widget_type=\"heading.default\">\n\t\t\t\t\t<h4 class=\"elementor-heading-title elementor-size-default\">Address<\/h4>\t\t\t\t<\/div>\n\t\t\t\t<div class=\"elementor-element elementor-element-bf126f1 elementor-widget elementor-widget-heading\" data-id=\"bf126f1\" data-element_type=\"widget\" data-e-type=\"widget\" data-widget_type=\"heading.default\">\n\t\t\t\t\t<div class=\"elementor-heading-title elementor-size-default\">Global Applius<br \/>\r\n1 rue Lulli - 75002 PARIS<\/div>\t\t\t\t<\/div>\n\t\t<div class=\"elementor-element elementor-element-29e54d7 e-con-full e-flex e-con e-child\" data-id=\"29e54d7\" data-element_type=\"container\" data-e-type=\"container\">\n\t\t\t\t<div class=\"elementor-element elementor-element-8d15851 elementor-widget elementor-widget-heading\" data-id=\"8d15851\" data-element_type=\"widget\" data-e-type=\"widget\" data-widget_type=\"heading.default\">\n\t\t\t\t\t<span class=\"elementor-heading-title elementor-size-default\">Email:<\/span>\t\t\t\t<\/div>\n\t\t\t\t<div class=\"elementor-element elementor-element-ae78b57 elementor-widget elementor-widget-heading\" data-id=\"ae78b57\" data-element_type=\"widget\" data-e-type=\"widget\" data-widget_type=\"heading.default\">\n\t\t\t\t\t<div class=\"elementor-heading-title elementor-size-default\"><a href=\"mailto:contact@nestormwine.com\" target=\"_blank\" rel=\"nofollow\">contact@nestormwine.com<\/a><\/div>\t\t\t\t<\/div>\n\t\t\t\t<\/div>\n\t\t<div class=\"elementor-element elementor-element-b6503b0 e-con-full e-flex e-con e-child\" data-id=\"b6503b0\" data-element_type=\"container\" data-e-type=\"container\">\n\t\t\t\t<div class=\"elementor-element elementor-element-be156d3 elementor-widget elementor-widget-heading\" data-id=\"be156d3\" data-element_type=\"widget\" data-e-type=\"widget\" data-widget_type=\"heading.default\">\n\t\t\t\t\t<span class=\"elementor-heading-title elementor-size-default\">Tel.:<\/span>\t\t\t\t<\/div>\n\t\t\t\t<div class=\"elementor-element elementor-element-88be391 elementor-widget elementor-widget-heading\" data-id=\"88be391\" data-element_type=\"widget\" data-e-type=\"widget\" data-widget_type=\"heading.default\">\n\t\t\t\t\t<div class=\"elementor-heading-title elementor-size-default\">+33(0)1 42 33 33 01<\/div>\t\t\t\t<\/div>\n\t\t\t\t<\/div>\n\t\t\t\t<\/div>\n\t\t\t\t<\/div>\n\t\t<div class=\"elementor-element elementor-element-b7cd0d3 e-con-full e-flex e-con e-child\" data-id=\"b7cd0d3\" data-element_type=\"container\" data-e-type=\"container\">\n\t\t<div class=\"elementor-element elementor-element-b84e283 e-con-full e-flex e-con e-child\" data-id=\"b84e283\" data-element_type=\"container\" data-e-type=\"container\">\n\t\t\t\t<div class=\"elementor-element elementor-element-8e5ddf9 elementor-widget elementor-widget-heading\" data-id=\"8e5ddf9\" data-element_type=\"widget\" data-e-type=\"widget\" data-widget_type=\"heading.default\">\n\t\t\t\t\t<h4 class=\"elementor-heading-title elementor-size-default\">After-sales contact (SFG)<\/h4>\t\t\t\t<\/div>\n\t\t\t\t<div class=\"elementor-element elementor-element-8c09aa3 elementor-widget elementor-widget-heading\" data-id=\"8c09aa3\" data-element_type=\"widget\" data-e-type=\"widget\" data-widget_type=\"heading.default\">\n\t\t\t\t\t<div class=\"elementor-heading-title elementor-size-default\"><p>Monday to Friday: 8:30 AM to 7:00 PM<br \/>\nSaturday: 9:00 AM to 1:00 PM<\/p>\n<\/div>\t\t\t\t<\/div>\n\t\t<div class=\"elementor-element elementor-element-49fc6d9 e-con-full e-flex e-con e-child\" data-id=\"49fc6d9\" data-element_type=\"container\" data-e-type=\"container\">\n\t\t\t\t<div class=\"elementor-element elementor-element-5ab1eb4 elementor-widget elementor-widget-heading\" data-id=\"5ab1eb4\" data-element_type=\"widget\" data-e-type=\"widget\" data-widget_type=\"heading.default\">\n\t\t\t\t\t<span class=\"elementor-heading-title elementor-size-default\">Email:<\/span>\t\t\t\t<\/div>\n\t\t\t\t<div class=\"elementor-element elementor-element-3cb7b8e elementor-widget elementor-widget-heading\" data-id=\"3cb7b8e\" data-element_type=\"widget\" data-e-type=\"widget\" data-widget_type=\"heading.default\">\n\t\t\t\t\t<div class=\"elementor-heading-title elementor-size-default\"><a href=\"mailto:globalapplius@sfg.fr\" target=\"_blank\" rel=\"nofollow\">globalapplius@sfg.fr<\/a><\/div>\t\t\t\t<\/div>\n\t\t\t\t<\/div>\n\t\t<div class=\"elementor-element elementor-element-860bcd4 e-con-full e-flex e-con e-child\" data-id=\"860bcd4\" data-element_type=\"container\" data-e-type=\"container\">\n\t\t\t\t<div class=\"elementor-element elementor-element-70bfb8d elementor-widget elementor-widget-heading\" data-id=\"70bfb8d\" data-element_type=\"widget\" data-e-type=\"widget\" data-widget_type=\"heading.default\">\n\t\t\t\t\t<span class=\"elementor-heading-title elementor-size-default\">Tel.:<\/span>\t\t\t\t<\/div>\n\t\t\t\t<div class=\"elementor-element elementor-element-6b56b58 elementor-widget elementor-widget-heading\" data-id=\"6b56b58\" data-element_type=\"widget\" data-e-type=\"widget\" data-widget_type=\"heading.default\">\n\t\t\t\t\t<div class=\"elementor-heading-title elementor-size-default\">+33(0)4 42 33 48 94<\/div>\t\t\t\t<\/div>\n\t\t\t\t<\/div>\n\t\t\t\t<\/div>\n\t\t<div class=\"elementor-element elementor-element-fd8f299 e-con-full e-flex e-con e-child\" data-id=\"fd8f299\" data-element_type=\"container\" data-e-type=\"container\">\n\t\t\t\t<div class=\"elementor-element elementor-element-a5061b3 elementor-widget elementor-widget-heading\" data-id=\"a5061b3\" data-element_type=\"widget\" data-e-type=\"widget\" data-widget_type=\"heading.default\">\n\t\t\t\t\t<h4 class=\"elementor-heading-title elementor-size-default\">Spare parts contact Eurosav<\/h4>\t\t\t\t<\/div>\n\t\t<div class=\"elementor-element elementor-element-9cd9002 e-con-full e-flex e-con e-child\" data-id=\"9cd9002\" data-element_type=\"container\" data-e-type=\"container\">\n\t\t\t\t<div class=\"elementor-element elementor-element-1cd044f elementor-widget elementor-widget-heading\" data-id=\"1cd044f\" data-element_type=\"widget\" data-e-type=\"widget\" data-widget_type=\"heading.default\">\n\t\t\t\t\t<span class=\"elementor-heading-title elementor-size-default\">Tel.:<\/span>\t\t\t\t<\/div>\n\t\t\t\t<div class=\"elementor-element elementor-element-a736155 elementor-widget elementor-widget-heading\" data-id=\"a736155\" data-element_type=\"widget\" data-e-type=\"widget\" data-widget_type=\"heading.default\">\n\t\t\t\t\t<div class=\"elementor-heading-title elementor-size-default\">+33(0)2 35 73 45 45<\/div>\t\t\t\t<\/div>\n\t\t\t\t<\/div>\n\t\t<div class=\"elementor-element elementor-element-0025673 e-con-full e-flex e-con e-child\" data-id=\"0025673\" data-element_type=\"container\" data-e-type=\"container\">\n\t\t\t\t<div class=\"elementor-element elementor-element-ab0d15a elementor-widget elementor-widget-heading\" data-id=\"ab0d15a\" data-element_type=\"widget\" data-e-type=\"widget\" data-widget_type=\"heading.default\">\n\t\t\t\t\t<span class=\"elementor-heading-title elementor-size-default\">Website:<\/span>\t\t\t\t<\/div>\n\t\t\t\t<div class=\"elementor-element elementor-element-9145e17 elementor-widget elementor-widget-heading\" data-id=\"9145e17\" data-element_type=\"widget\" data-e-type=\"widget\" data-widget_type=\"heading.default\">\n\t\t\t\t\t<div class=\"elementor-heading-title elementor-size-default\"><a href=\"https:\/\/www.eurosav.eu\" target=\"_blank\" rel=\"nofollow\">www.eurosav.eu<\/a><\/div>\t\t\t\t<\/div>\n\t\t\t\t<\/div>\n\t\t\t\t<\/div>\n\t\t\t\t<\/div>\n\t\t\t\t<\/div>\n\t\t\t\t<\/div>\n\t\t\t\t<\/div>\n\t\t<div class=\"elementor-element elementor-element-c9194e6 e-con-full elementor-hidden-widescreen elementor-hidden-desktop elementor-hidden-laptop elementor-hidden-tablet_extra elementor-hidden-tablet e-flex elementor-invisible e-con e-child\" data-id=\"c9194e6\" data-element_type=\"container\" data-e-type=\"container\" data-settings=\"{&quot;sticky&quot;:&quot;bottom&quot;,&quot;sticky_effects_offset_mobile&quot;:300,&quot;sticky_anchor_link_offset_mobile&quot;:300,&quot;sticky_parent&quot;:&quot;yes&quot;,&quot;animation&quot;:&quot;fadeInUp&quot;,&quot;sticky_on&quot;:[&quot;widescreen&quot;,&quot;desktop&quot;,&quot;laptop&quot;,&quot;tablet_extra&quot;,&quot;tablet&quot;,&quot;mobile&quot;],&quot;sticky_offset&quot;:0,&quot;sticky_effects_offset&quot;:0,&quot;sticky_anchor_link_offset&quot;:0}\">\n\t\t<div class=\"elementor-element elementor-element-44dc7fa e-con-full e-flex e-con e-child\" data-id=\"44dc7fa\" data-element_type=\"container\" data-e-type=\"container\">\n\t\t\t\t<div class=\"elementor-element elementor-element-85c83ec cta-ico cta-ico-aright elementor-tablet-align-justify elementor-widget elementor-widget-button\" data-id=\"85c83ec\" data-element_type=\"widget\" data-e-type=\"widget\" data-widget_type=\"button.default\">\n\t\t\t\t\t\t\t\t\t\t<a class=\"elementor-button elementor-button-link elementor-size-sm\" href=\"#form\">\n\t\t\t\t\t\t<span class=\"elementor-button-content-wrapper\">\n\t\t\t\t\t\t\t\t\t<span class=\"elementor-button-text\">Acceder au formulaire de contact<\/span>\n\t\t\t\t\t<\/span>\n\t\t\t\t\t<\/a>\n\t\t\t\t\t\t\t\t<\/div>\n\t\t\t\t<\/div>\n\t\t\t\t<\/div>\n\t\t<div class=\"elementor-element elementor-element-ebb8227 e-con-full e-flex e-con e-child\" data-id=\"ebb8227\" data-element_type=\"container\" data-e-type=\"container\" data-settings=\"{&quot;background_background&quot;:&quot;classic&quot;}\">\n\t\t<div class=\"elementor-element elementor-element-24ff2fc e-con-full e-flex e-con e-child\" data-id=\"24ff2fc\" data-element_type=\"container\" data-e-type=\"container\" id=\"form\" data-settings=\"{&quot;background_background&quot;:&quot;classic&quot;}\">\n\t\t\t\t<div class=\"elementor-element elementor-element-fedf5d6 elementor-widget elementor-widget-heading\" data-id=\"fedf5d6\" data-element_type=\"widget\" data-e-type=\"widget\" data-widget_type=\"heading.default\">\n\t\t\t\t\t<h3 class=\"elementor-heading-title elementor-size-default\">Please fill in the form below; we will reply within 24 hours (working days)<\/h3>\t\t\t\t<\/div>\n\t\t\t\t<div class=\"elementor-element elementor-element-df774be elementor-widget elementor-widget-heading\" data-id=\"df774be\" data-element_type=\"widget\" data-e-type=\"widget\" data-widget_type=\"heading.default\">\n\t\t\t\t\t<span class=\"elementor-heading-title elementor-size-default\">*Required fields<\/span>\t\t\t\t<\/div>\n\t\t\t\t<div class=\"elementor-element elementor-element-1197b1f elementor-widget elementor-widget-spacer\" data-id=\"1197b1f\" data-element_type=\"widget\" data-e-type=\"widget\" data-widget_type=\"spacer.default\">\n\t\t\t\t\t\t\t<div class=\"elementor-spacer\">\n\t\t\t<div class=\"elementor-spacer-inner\"><\/div>\n\t\t<\/div>\n\t\t\t\t\t\t<\/div>\n\t\t\t\t<div class=\"elementor-element elementor-element-2680331 elementor-widget elementor-widget-shortcode\" data-id=\"2680331\" data-element_type=\"widget\" data-e-type=\"widget\" data-widget_type=\"shortcode.default\">\n\t\t\t\t\t\t\t<div class=\"elementor-shortcode\">        <div class=\"nc-wrapper\" id=\"nestor-contact-form\">\n            <div class=\"nc-alert nc-alert--error\" style=\"display:none;\"><\/div>\n\n            <form class=\"nc-form\" id=\"nc-form\" novalidate>\n                <input type=\"hidden\" id=\"nc_nonce\" name=\"nc_nonce\" value=\"df61778f5a\" \/><input type=\"hidden\" name=\"_wp_http_referer\" value=\"\/en\/wp-json\/wp\/v2\/pages\/1981\" \/>\n                <!-- Ligne 1 : Pr\u00e9nom + Nom -->\n                <div class=\"nc-row nc-row--2col\">\n                    <div class=\"nc-field\">\n                        <div class=\"nc-field-inner\">\n                            <label for=\"nc-prenom\">First name <span class=\"nc-req\">*<\/span><\/label>\n                            <input type=\"text\" id=\"nc-prenom\" name=\"prenom\" placeholder=\"Pr\u00e9nom\" required>\n                        <\/div>\n                    <\/div>\n                    <div class=\"nc-field\">\n                        <div class=\"nc-field-inner\">\n                            <label for=\"nc-nom\">Last name <span class=\"nc-req\">*<\/span><\/label>\n                            <input type=\"text\" id=\"nc-nom\" name=\"nom\" placeholder=\"Nom\" required>\n                        <\/div>\n                    <\/div>\n                <\/div>\n\n                <!-- Ligne 2 : Vous \u00eates -->\n                <div class=\"nc-row\">\n                    <div class=\"nc-field nc-field--full\">\n                        <div class=\"nc-field-inner\">\n                            <label for=\"nc-vous-etes\">You are <span class=\"nc-req\">*<\/span><\/label>\n                            <div class=\"nc-select-wrap\">\n                                <select id=\"nc-vous-etes\" name=\"vous_etes\" required>\n                                    <option value=\"\" disabled selected>S\u00e9lectionnez\u2026<\/option>\n                                                                            <option value=\"particulier\"\n                                            >\n                                            Un particulier                                        <\/option>\n                                                                            <option value=\"entreprise\"\n                                            >\n                                            Une entreprise                                        <\/option>\n                                                                            <option value=\"collectivite\"\n                                            >\n                                            Une collectivit\u00e9                                        <\/option>\n                                                                    <\/select>\n                            <\/div>\n                        <\/div>\n                    <\/div>\n                <\/div>\n\n                <!-- Ligne 3 : Objet de votre demande -->\n                <div class=\"nc-row\">\n                    <div class=\"nc-field nc-field--full\">\n                        <div class=\"nc-field-inner\">\n                            <label for=\"nc-objet\">Subject of your request <span class=\"nc-req\">*<\/span><\/label>\n                            <div class=\"nc-select-wrap\">\n                                <select id=\"nc-objet\" name=\"objet\" required\n                                        data-preselect=\"\">\n                                    <option value=\"\" disabled selected>Please select \u201cYou are\u201d first.<\/option>\n                                <\/select>\n                            <\/div>\n                        <\/div>\n                    <\/div>\n                <\/div>\n\n                <!-- Ligne 4 : Soci\u00e9t\u00e9 -->\n                <div class=\"nc-row\">\n                    <div class=\"nc-field nc-field--full\">\n                        <div class=\"nc-field-inner\">\n                            <label for=\"nc-societe\">Company<\/label>\n                            <input type=\"text\" id=\"nc-societe\" name=\"societe\" placeholder=\"Soci\u00e9t\u00e9\">\n                        <\/div>\n                    <\/div>\n                <\/div>\n\n                <!-- Ligne 5 : E-mail -->\n                <div class=\"nc-row\">\n                    <div class=\"nc-field nc-field--full\">\n                        <div class=\"nc-field-inner\">\n                            <label for=\"nc-email\">Email <span class=\"nc-req\">*<\/span><\/label>\n                            <input type=\"email\" id=\"nc-email\" name=\"email\" placeholder=\"Adresse email\" required>\n                        <\/div>\n                    <\/div>\n                <\/div>\n\n                <!-- Ligne 6 : T\u00e9l\u00e9phone -->\n                <div class=\"nc-row\">\n                    <div class=\"nc-field nc-field--full\">\n                        <div class=\"nc-field-inner\">\n                            <label for=\"nc-tel\">Phone <span class=\"nc-req\">*<\/span><\/label>\n                            <input type=\"tel\" id=\"nc-tel\" name=\"telephone\" placeholder=\"+33 6 00 00 00 00\" required>\n                        <\/div>\n                    <\/div>\n                <\/div>\n\n                <!-- Ligne 7 : Adresse postale (avec autocomplete data.gouv) -->\n                <div class=\"nc-row\">\n                    <div class=\"nc-field nc-field--full\">\n                        <div class=\"nc-field-inner\">\n                            <label for=\"nc-adresse\">Postal address<\/label>\n                            <div class=\"nc-ac-wrap\">\n                                <input type=\"text\" id=\"nc-adresse\" name=\"adresse\"\n                                       placeholder=\"Commencez \u00e0 saisir votre adresse\u2026\"\n                                       autocomplete=\"off\">\n                                <ul id=\"nc-addr-dropdown\" role=\"listbox\" aria-label=\"Suggestions d'adresse\"><\/ul>\n                            <\/div>\n                        <\/div>\n                    <\/div>\n                <\/div>\n\n                <!-- Ligne 8 : Code postal + Ville -->\n                <div class=\"nc-row nc-row--2col\">\n                    <div class=\"nc-field\">\n                        <div class=\"nc-field-inner\">\n                            <label for=\"nc-cp\">Postal code<\/label>\n                            <input type=\"text\" id=\"nc-cp\" name=\"code_postal\" placeholder=\"Code postal\">\n                        <\/div>\n                    <\/div>\n                    <div class=\"nc-field\">\n                        <div class=\"nc-field-inner\">\n                            <label for=\"nc-ville\">City<\/label>\n                            <input type=\"text\" id=\"nc-ville\" name=\"ville\" placeholder=\"Ville\">\n                        <\/div>\n                    <\/div>\n                <\/div>\n\n                <!-- Ligne 9 : Message (optionnel) -->\n                <div class=\"nc-row\">\n                    <div class=\"nc-field nc-field--full\">\n                        <div class=\"nc-field-inner\">\n                            <label for=\"nc-message\">Your message <span class=\"nc-opt\">(optionnel)<\/span><\/label>\n                            <textarea id=\"nc-message\" name=\"message\" rows=\"5\"\n                              placeholder=\"D\u00e9crivez votre demande le plus pr\u00e9cis\u00e9ment possible\"><\/textarea>\n                        <\/div>\n                    <\/div>\n                <\/div>\n\n                <!-- Ligne 10 : RGPD -->\n                <div class=\"nc-row nc-row--rgpd\">\n                    <label class=\"nc-checkbox-label\">\n                        <input type=\"checkbox\" id=\"nc-rgpd\" name=\"rgpd\" value=\"1\" required>\n                        <span class=\"nc-checkmark\"><\/span>\n                        <span class=\"nc-checkbox-text\">\n                            Les informations saisies dans ce formulaire sont utilis\u00e9es par NESTOR M WINE pour r\u00e9pondre \u00e0 votre demande. Pour en savoir plus, consultez notre <a href=\"\/politique-de-confidentialite\/\" target=\"_blank\">politique de confidentialit\u00e9<\/a>.                        <\/span>\n                    <\/label>\n                <\/div>\n\n                <!-- Bouton -->\n                <div class=\"nc-row nc-row--submit\">\n                    <button type=\"submit\" class=\"nc-btn\" id=\"nc-submit\">\n                        <span class=\"nc-btn-text\">SEND<\/span>\n                        <span class=\"nc-btn-loader\" style=\"display:none;\">\n                            <svg width=\"20\" height=\"20\" viewBox=\"0 0 24 24\" fill=\"none\" stroke=\"currentColor\" stroke-width=\"2\"><circle cx=\"12\" cy=\"12\" r=\"10\" stroke-opacity=\"0.3\"\/><path d=\"M12 2a10 10 0 0 1 10 10\"\/><\/svg>\n                        <\/span>\n                    <\/button>\n                <\/div>\n\n            <\/form>\n        <\/div>\n\n        <!-- \u2500\u2500 Modal confirmation \u2500\u2500 -->\n        <div id=\"nc-modal\" role=\"dialog\" aria-modal=\"true\" aria-labelledby=\"nc-modal-title\">\n            <div class=\"nc-modal-box\">\n                <button class=\"nc-modal-close\" aria-label=\"Fermer\">&#x2715;<\/button>\n\n                <div class=\"nc-modal-icon\">\n                    <svg viewBox=\"0 0 24 24\" aria-hidden=\"true\">\n                        <polyline points=\"20 6 9 17 4 12\"\/>\n                    <\/svg>\n                <\/div>\n\n                <h2 class=\"nc-modal-title\" id=\"nc-modal-title\">Message envoy\u00e9 !<\/h2>\n                <p class=\"nc-modal-msg\">Votre demande a bien \u00e9t\u00e9 re\u00e7ue. Un membre de notre \u00e9quipe vous r\u00e9pondra dans les plus brefs d\u00e9lais.<\/p>\n                <a href=\"https:\/\/nestormwine.com\/en\/\" class=\"nc-modal-cta\">\n                    Retour \u00e0 l&#039;accueil                <\/a>\n            <\/div>\n        <\/div>\n\n        <\/div>\n\t\t\t\t\t\t<\/div>\n\t\t\t\t<\/div>\n\t\t\t\t<\/div>\n\t\t\t\t<\/div>\n\t\t\t\t<\/div>\n\t\t\t\t<\/div>\n\t\t","protected":false},"excerpt":{"rendered":"<p>Contact&amp; After-Sales Our team answers quickly to all your questions: purchasing advice, installation, after-sales or warranty. Nestor M and Nestor M Wine are registered trademarks of GLOBAL APPLIUS SAS Address Email: Tel.: Email: Tel.: Tel.: Website: Acceder au formulaire de contact Please fill in the form below; we will reply within 24 hours (working days) [&hellip;]<\/p>\n","protected":false},"author":1,"featured_media":0,"parent":0,"menu_order":0,"comment_status":"closed","ping_status":"closed","template":"","meta":{"_acf_changed":false,"footnotes":""},"class_list":["post-1981","page","type-page","status-publish","hentry"],"acf":[],"_links":{"self":[{"href":"https:\/\/nestormwine.com\/en\/wp-json\/wp\/v2\/pages\/1981","targetHints":{"allow":["GET"]}}],"collection":[{"href":"https:\/\/nestormwine.com\/en\/wp-json\/wp\/v2\/pages"}],"about":[{"href":"https:\/\/nestormwine.com\/en\/wp-json\/wp\/v2\/types\/page"}],"author":[{"embeddable":true,"href":"https:\/\/nestormwine.com\/en\/wp-json\/wp\/v2\/users\/1"}],"replies":[{"embeddable":true,"href":"https:\/\/nestormwine.com\/en\/wp-json\/wp\/v2\/comments?post=1981"}],"version-history":[{"count":0,"href":"https:\/\/nestormwine.com\/en\/wp-json\/wp\/v2\/pages\/1981\/revisions"}],"wp:attachment":[{"href":"https:\/\/nestormwine.com\/en\/wp-json\/wp\/v2\/media?parent=1981"}],"curies":[{"name":"wp","href":"https:\/\/api.w.org\/{rel}","templated":true}]}}